{"id":26741,"date":"2024-04-26T04:37:18","date_gmt":"2024-04-26T04:37:18","guid":{"rendered":"https:\/\/sailturkiye.racing\/participants\/"},"modified":"2024-04-26T04:37:18","modified_gmt":"2024-04-26T04:37:18","slug":"participants","status":"publish","type":"page","link":"https:\/\/sailturkiye.racing\/en\/participants\/","title":{"rendered":"Participants"},"content":{"rendered":"\t\t<div data-elementor-type=\"wp-page\" data-elementor-id=\"26741\" class=\"elementor elementor-26741 elementor-25805\">\n\t\t\t\t\t\t<section class=\"elementor-section elementor-top-section elementor-element elementor-element-763fbd5 elementor-section-boxed elementor-section-height-default elementor-section-height-default sc_fly_static\" data-id=\"763fbd5\" data-element_type=\"section\">\n\t\t\t\t\t\t<div class=\"elementor-container elementor-column-gap-extended\">\n\t\t\t\t\t<div class=\"elementor-column elementor-col-100 elementor-top-column elementor-element elementor-element-c1b2b30 sc_inner_width_none sc_content_align_inherit sc_layouts_column_icons_position_left sc_fly_static\" data-id=\"c1b2b30\" data-element_type=\"column\">\n\t\t\t<div class=\"elementor-widget-wrap elementor-element-populated\">\n\t\t\t\t\t\t<div class=\"elementor-element elementor-element-a970cd1 sc_style_default sc_fly_static elementor-widget elementor-widget-trx_sc_blogger\" data-id=\"a970cd1\" data-element_type=\"widget\" data-widget_type=\"trx_sc_blogger.default\">\n\t\t\t\t<div class=\"elementor-widget-container\">\n\t\t\t<div \t\tclass=\"sc_blogger sc_blogger_portmodern sc_blogger_portmodern_image-over sc_item_filters_tabs_none alignnone\" ><div class=\"decor_image_wrap\"><\/div><div class=\"portfolio_preview scheme_dark\">\r\n            <div class=\"inner_preview\">\r\n                <div class=\"close\"><\/div>\r\n                <div class=\"portfolio_image\"><\/div>\r\n                <div class=\"portfolio_description\"><\/div>\r\n            <\/div>\r\n        <\/div><div class=\"sc_blogger_content sc_item_content sc_item_posts_container\" ><div data-post-id=\"26804\" data-item-number=\"1\" class=\"sc_blogger_item sc_item_container post_container sc_blogger_item_portmodern sc_blogger_item_portmodern_image-over sc_blogger_item_odd sc_blogger_item_align_none post_format_standard sc_blogger_item_no_excerpt sc_blogger_item_image_position_top post-26804 post type-post status-publish format-standard hentry category-announcements\" ><div class=\"sc_blogger_item_body\"><div class=\"sc_blogger_item_content entry-content\"><h1 class=\"sc_blogger_item_title entry-title\" data-item-number=\"1\" data-item-id=\"26804_wrap\" data-details=\"&lt;div class=&quot;post_details&quot;&gt;&lt;h2 class=&quot;post_title&quot;&gt;&lt;a href=&quot;https:\/\/sailturkiye.racing\/en\/2024-halicarnassus-cup-calendar\/&quot;&gt;2024 Halicarnassus Cup Calendar&lt;\/a&gt;&lt;\/h2&gt;&lt;div class=&quot;post_description&quot;&gt;&lt;div class=&quot;post_description_content&quot;&gt;17 May\u0131s 2024 \/ May 17 2024 Yal\u0131kavak Marinaya ba\u011flama. Start mooring to Yal\u0131kavak Marina 19 May\u0131s 2024 \/ May 19 2024 Kaptan brifing toplant\u0131s\u0131 Skipper Brifing 20 May\u0131s 2024&hellip;&lt;\/div&gt;&lt;a href=&quot;https:\/\/sailturkiye.racing\/en\/2024-halicarnassus-cup-calendar\/&quot; class=&quot;theme_button post_readmore&quot;&gt;&lt;span class=&quot;post_readmore_label&quot;&gt;Read more&lt;\/span&gt;&lt;\/a&gt;&lt;\/div&gt;&lt;\/div&gt;\">2024 Halicarnassus Cup Calendar<\/h1><\/div><!-- .entry-content --><\/div><!-- .sc_blogger_item_body --><\/div><!-- .sc_blogger_item --><div data-post-id=\"26807\" data-item-number=\"2\" class=\"sc_blogger_item sc_item_container post_container sc_blogger_item_portmodern sc_blogger_item_portmodern_image-over sc_blogger_item_even sc_blogger_item_align_none post_format_standard sc_blogger_item_no_excerpt sc_blogger_item_image_position_top post-26807 post type-post status-publish format-standard hentry category-announcements\" ><div class=\"sc_blogger_item_body\"><div class=\"sc_blogger_item_content entry-content\"><h1 class=\"sc_blogger_item_title entry-title\" data-item-number=\"2\" data-item-id=\"26807_wrap\" data-details=\"&lt;div class=&quot;post_details&quot;&gt;&lt;h2 class=&quot;post_title&quot;&gt;&lt;a href=&quot;https:\/\/sailturkiye.racing\/en\/2024-halicarnassus-cup-notice-of-race\/&quot;&gt;2024 Halicarnassus Cup Notice of Race&lt;\/a&gt;&lt;\/h2&gt;&lt;div class=&quot;post_description&quot;&gt;&lt;div class=&quot;post_description_content&quot;&gt;&lt;\/div&gt;&lt;a href=&quot;https:\/\/sailturkiye.racing\/en\/2024-halicarnassus-cup-notice-of-race\/&quot; class=&quot;theme_button post_readmore&quot;&gt;&lt;span class=&quot;post_readmore_label&quot;&gt;Read more&lt;\/span&gt;&lt;\/a&gt;&lt;\/div&gt;&lt;\/div&gt;\">2024 Halicarnassus Cup Notice of Race<\/h1><\/div><!-- .entry-content --><\/div><!-- .sc_blogger_item_body --><\/div><!-- .sc_blogger_item --><\/div><\/div><!-- \/.sc_blogger -->\t\t<\/div>\n\t\t\t\t<\/div>\n\t\t\t\t\t<\/div>\n\t\t<\/div>\n\t\t\t\t\t<\/div>\n\t\t<\/section>\n\t\t\t\t<\/div>\n\t\t","protected":false},"excerpt":{"rendered":"<p>Logolar 2020 YARIS\u0327 I\u0307LANI<\/p>\n","protected":false},"author":1,"featured_media":0,"parent":0,"menu_order":0,"comment_status":"closed","ping_status":"closed","template":"","meta":{"footnotes":""},"class_list":["post-26741","page","type-page","status-publish","hentry"],"_links":{"self":[{"href":"https:\/\/sailturkiye.racing\/en\/wp-json\/wp\/v2\/pages\/26741"}],"collection":[{"href":"https:\/\/sailturkiye.racing\/en\/wp-json\/wp\/v2\/pages"}],"about":[{"href":"https:\/\/sailturkiye.racing\/en\/wp-json\/wp\/v2\/types\/page"}],"author":[{"embeddable":true,"href":"https:\/\/sailturkiye.racing\/en\/wp-json\/wp\/v2\/users\/1"}],"replies":[{"embeddable":true,"href":"https:\/\/sailturkiye.racing\/en\/wp-json\/wp\/v2\/comments?post=26741"}],"version-history":[{"count":1,"href":"https:\/\/sailturkiye.racing\/en\/wp-json\/wp\/v2\/pages\/26741\/revisions"}],"predecessor-version":[{"id":26742,"href":"https:\/\/sailturkiye.racing\/en\/wp-json\/wp\/v2\/pages\/26741\/revisions\/26742"}],"wp:attachment":[{"href":"https:\/\/sailturkiye.racing\/en\/wp-json\/wp\/v2\/media?parent=26741"}],"curies":[{"name":"wp","href":"https:\/\/api.w.org\/{rel}","templated":true}]}}